{"id":5966,"date":"2025-05-22T12:21:46","date_gmt":"2025-05-22T10:21:46","guid":{"rendered":"https:\/\/ge24h.com\/producto\/proscar-5mg\/"},"modified":"2026-01-15T17:15:31","modified_gmt":"2026-01-15T16:15:31","slug":"proscar-5mg","status":"publish","type":"product","link":"https:\/\/ge24h.com\/fr\/producto\/proscar-5mg\/","title":{"rendered":"Proscar 5mg"},"content":{"rendered":"<h3><strong>Nom du m\u00e9dicament:<\/strong> Proscar<\/h3>\n<h3><strong>Nom g\u00e9n\u00e9rique:<\/strong> Finast\u00e9ride<\/h3>\n<p>&nbsp;<\/p>\n<h4><strong>Quelle est la chose la plus importante que je devrais savoir sur Proscar?<\/strong><\/h4>\n<ul>\n<li><strong>Le Proscar g\u00e9n\u00e9rique (finast\u00e9ride) aide \u00e0 traiter et \u00e0 contr\u00f4ler l&rsquo;HBP <\/strong> en r\u00e9duisant l&rsquo;hypertrophie de la prostate, en am\u00e9liorant le flux urinaire et en traitant plusieurs autres sympt\u00f4mes associ\u00e9s \u00e0 la maladie.<\/li>\n<li><strong>Cela peut rendre la chirurgie <\/strong> inutile et peut \u00e9galement \u00eatre utilis\u00e9 comme mesure pr\u00e9ventive contre le <strong>cancer de la prostate.<\/strong><\/li>\n<\/ul>\n<p>&nbsp;<\/p>\n<h4><strong>Qu&rsquo;est-ce que Proscar?<\/strong><\/h4>\n<p>Le Proscar g\u00e9n\u00e9rique (finast\u00e9ride) est un m\u00e9dicament utilis\u00e9 pour traiter l&rsquo;hyperplasie b\u00e9nigne de la prostate (HBP). Il agit en r\u00e9duisant la taille de la prostate, ce qui am\u00e9liore le flux urinaire et soulage les sympt\u00f4mes tels que les difficult\u00e9s \u00e0 uriner, un faible d\u00e9bit et des envies fr\u00e9quentes ou urgentes d&rsquo;uriner. <\/p>\n<p>&nbsp;<\/p>\n<h4><strong>Comment dois-je prendre Proscar?<\/strong><\/h4>\n<ul>\n<li><strong>Prenez du Proscar g\u00e9n\u00e9rique (Finasteride) par voie orale, une fois par jour.<\/strong><\/li>\n<li>Ce m\u00e9dicament peut \u00eatre pris avec ou <strong>sans nourriture.<\/strong><\/li>\n<li><strong>Il doit \u00eatre pris pendant au moins 6 mois<\/strong> pour garantir des r\u00e9sultats optimaux.<\/li>\n<\/ul>\n<p>&nbsp;<\/p>\n<h4><strong>Que se passe-t-il si j\u2019oublie de prendre une dose?<\/strong><\/h4>\n<p>Si vous oubliez une dose de Proscar g\u00e9n\u00e9rique (finast\u00e9ride), prenez-la d\u00e8s que vous vous en rendez compte. S&rsquo;il est presque l&rsquo;heure de la dose suivante, attendez jusqu&rsquo;\u00e0 ce moment pour prendre le m\u00e9dicament et sautez la dose oubli\u00e9e. <strong>Ne doublez pas la dose pour compenser la dose oubli\u00e9e.<\/strong> <\/p>\n<p>&nbsp;<\/p>\n<h4><strong>Que se passe-t-il en cas de surdose?<\/strong><\/h4>\n<ul>\n<li>Si vous pensez avoir pris une dose excessive de ce m\u00e9dicament, vous devez contacter votre centre antipoison local et les services m\u00e9dicaux d\u2019urgence.<\/li>\n<li><strong>Un surdosage de Proscar g\u00e9n\u00e9rique (finast\u00e9ride) ne devrait pas mettre la vie en danger.<\/strong><\/li>\n<\/ul>\n<p>&nbsp;<\/p>\n<h4><strong>Que dois-je \u00e9viter pendant que je prends Proscar ?<\/strong><\/h4>\n<ul>\n<li><strong>Ne partagez pas ce m\u00e9dicament avec d\u2019autres personnes, <\/strong> car elles pourraient souffrir d\u2019une affection qui n\u2019est pas correctement trait\u00e9e par le finast\u00e9ride.<\/li>\n<\/ul>\n<p>&nbsp;<\/p>\n<h4><strong>Quels sont les effets secondaires possibles de Proscar ?<\/strong><\/h4>\n<h4><strong>Effets secondaires courants (g\u00e9n\u00e9ralement temporaires) :<\/strong><\/h4>\n<ul>\n<li>Sensation que vous pourriez vous \u00e9vanouir<\/li>\n<li>Gonflement des mains ou des pieds<\/li>\n<li>Douleur dans les testicules<\/li>\n<li>Impuissance, <strong>perte d&rsquo;int\u00e9r\u00eat pour le sexe<\/strong> ou probl\u00e8mes d&rsquo;orgasme<\/li>\n<li>\u00c9jaculation anormale<\/li>\n<li>Gonflement ou sensibilit\u00e9 des seins<\/li>\n<li>\u00c9tourdissements, faiblesse<\/li>\n<li>Mal de t\u00eate<\/li>\n<li>Nez qui coule<\/li>\n<li>Eruption cutan\u00e9e<\/li>\n<li>Croissance accrue des cheveux<\/li>\n<\/ul>\n<p>Informez votre m\u00e9decin si l\u2019un des effets secondaires d\u00e9crits ci-dessus <strong>persiste ou s\u2019aggrave. <\/strong><\/p>\n<h4><strong>Effets secondaires graves:<\/strong><\/h4>\n<ul>\n<li><strong>Tumeurs du sein<\/strong><\/li>\n<li><strong>Douleur,<\/strong> \u00e9coulement du mamelon<\/li>\n<li><strong>Autres changements dans la poitrine<\/strong><\/li>\n<\/ul>\n<p>Ces sympt\u00f4mes peuvent \u00eatre <strong>ceux d&rsquo;un cancer du sein chez l&rsquo;homme. <\/strong> Consultez imm\u00e9diatement votre m\u00e9decin. <\/p>\n<h4><strong>R\u00e9action allergique (consultez un m\u00e9decin d&rsquo;urgence):<\/strong><\/h4>\n<ul>\n<li>Urticaire<\/li>\n<li>Difficult\u00e9 \u00e0 respirer<\/li>\n<li>Gonflement du visage, des l\u00e8vres, de la langue ou de la gorge<\/li>\n<\/ul>\n<p>La liste ci-dessus n&rsquo;est qu&rsquo;une liste partielle. <strong>D&rsquo;autres effets secondaires peuvent<\/strong> survenir. Consultez votre m\u00e9decin si vous remarquez d&rsquo;autres effets non mentionn\u00e9s ci-dessus, surtout s&rsquo;ils sont g\u00eanants. <\/p>\n<p>&nbsp;<\/p>\n","protected":false},"excerpt":{"rendered":"<p>(Proscar)<br \/>\nEnviron 50 % de tous les hommes d\u00e9veloppent les premiers sympt\u00f4mes de l\u2019HBP (hyperplasie b\u00e9nigne de la prostate) avant l\u2019\u00e2ge de 50 ans. La moiti\u00e9 de ces hommes d\u00e9veloppent la maladie \u00e0 part enti\u00e8re et souffrent de douleurs et d\u2019inconfort importants. <\/p>\n<ul>\n<li>R\u00e9duit la taille de la prostate hypertrophi\u00e9e.<\/li>\n<li>R\u00e9duit le risque de devoir recourir \u00e0 une intervention chirurgicale.<\/li>\n<li>Aide \u00e0 pr\u00e9venir le cancer de la prostate.<\/li>\n<\/ul>\n","protected":false},"featured_media":4957,"comment_status":"open","ping_status":"closed","template":"","meta":[],"product_brand":[501],"product_cat":[351,359],"product_tag":[],"class_list":{"0":"post-5966","1":"product","2":"type-product","3":"status-publish","4":"has-post-thumbnail","6":"product_brand-msd-2","7":"product_cat-sante-des-hommes","8":"product_cat-en-vedette","10":"first","11":"instock","12":"taxable","13":"shipping-taxable","14":"purchasable","15":"product-type-variable"},"yoast_head":"<!-- This site is optimized with the Yoast SEO plugin v25.6 - https:\/\/yoast.com\/wordpress\/plugins\/seo\/ -->\n<title>Proscar 5mg - Ge24h<\/title>\n<meta name=\"description\" content=\"Achetez du Proscar 5 mg chez GE24h. Obtenez d\u00e8s maintenant les meilleurs m\u00e9dicaments g\u00e9n\u00e9riques au meilleur prix sur notre site web. Achetez des g\u00e9n\u00e9riques.\" \/>\n<meta name=\"robots\" content=\"index, follow, max-snippet:-1, max-image-preview:large, max-video-preview:-1\" \/>\n<link rel=\"canonical\" href=\"https:\/\/ge24h.com\/fr\/producto\/proscar-5mg\/\" \/>\n<meta property=\"og:locale\" content=\"fr_FR\" \/>\n<meta property=\"og:type\" content=\"article\" \/>\n<meta property=\"og:title\" content=\"Proscar 5mg - Ge24h\" \/>\n<meta property=\"og:description\" content=\"Achetez du Proscar 5 mg chez GE24h. Obtenez d\u00e8s maintenant les meilleurs m\u00e9dicaments g\u00e9n\u00e9riques au meilleur prix sur notre site web. Achetez des g\u00e9n\u00e9riques.\" \/>\n<meta property=\"og:url\" content=\"https:\/\/ge24h.com\/fr\/producto\/proscar-5mg\/\" \/>\n<meta property=\"og:site_name\" content=\"Ge24h\" \/>\n<meta property=\"article:modified_time\" content=\"2026-01-15T16:15:31+00:00\" \/>\n<meta property=\"og:image\" content=\"https:\/\/ge24h.com\/wp-content\/uploads\/proscar-5mg-2.png\" \/>\n\t<meta property=\"og:image:width\" content=\"800\" \/>\n\t<meta property=\"og:image:height\" content=\"800\" \/>\n\t<meta property=\"og:image:type\" content=\"image\/png\" \/>\n<meta name=\"twitter:card\" content=\"summary_large_image\" \/>\n<meta name=\"twitter:label1\" content=\"Dur\u00e9e de lecture estim\u00e9e\" \/>\n\t<meta name=\"twitter:data1\" content=\"3 minutes\" \/>\n<script type=\"application\/ld+json\" class=\"yoast-schema-graph\">{\"@context\":\"https:\/\/schema.org\",\"@graph\":[{\"@type\":\"WebPage\",\"@id\":\"https:\/\/ge24h.com\/fr\/producto\/proscar-5mg\/\",\"url\":\"https:\/\/ge24h.com\/fr\/producto\/proscar-5mg\/\",\"name\":\"Proscar 5mg - Ge24h\",\"isPartOf\":{\"@id\":\"https:\/\/ge24h.com\/#website\"},\"primaryImageOfPage\":{\"@id\":\"https:\/\/ge24h.com\/fr\/producto\/proscar-5mg\/#primaryimage\"},\"image\":{\"@id\":\"https:\/\/ge24h.com\/fr\/producto\/proscar-5mg\/#primaryimage\"},\"thumbnailUrl\":\"https:\/\/ge24h.com\/wp-content\/uploads\/proscar-5mg-2.png\",\"datePublished\":\"2025-05-22T10:21:46+00:00\",\"dateModified\":\"2026-01-15T16:15:31+00:00\",\"description\":\"Achetez du Proscar 5 mg chez GE24h. Obtenez d\u00e8s maintenant les meilleurs m\u00e9dicaments g\u00e9n\u00e9riques au meilleur prix sur notre site web. Achetez des g\u00e9n\u00e9riques.\",\"breadcrumb\":{\"@id\":\"https:\/\/ge24h.com\/fr\/producto\/proscar-5mg\/#breadcrumb\"},\"inLanguage\":\"fr-FR\",\"potentialAction\":[{\"@type\":\"ReadAction\",\"target\":[\"https:\/\/ge24h.com\/fr\/producto\/proscar-5mg\/\"]}]},{\"@type\":\"ImageObject\",\"inLanguage\":\"fr-FR\",\"@id\":\"https:\/\/ge24h.com\/fr\/producto\/proscar-5mg\/#primaryimage\",\"url\":\"https:\/\/ge24h.com\/wp-content\/uploads\/proscar-5mg-2.png\",\"contentUrl\":\"https:\/\/ge24h.com\/wp-content\/uploads\/proscar-5mg-2.png\",\"width\":800,\"height\":800,\"caption\":\"Proscar 5mg\"},{\"@type\":\"BreadcrumbList\",\"@id\":\"https:\/\/ge24h.com\/fr\/producto\/proscar-5mg\/#breadcrumb\",\"itemListElement\":[{\"@type\":\"ListItem\",\"position\":1,\"name\":\"Portada\",\"item\":\"https:\/\/ge24h.com\/fr\/\"},{\"@type\":\"ListItem\",\"position\":2,\"name\":\"boutique\",\"item\":\"https:\/\/ge24h.com\/fr\/boutique\/\"},{\"@type\":\"ListItem\",\"position\":3,\"name\":\"Proscar 5mg\"}]},{\"@type\":\"WebSite\",\"@id\":\"https:\/\/ge24h.com\/#website\",\"url\":\"https:\/\/ge24h.com\/\",\"name\":\"Ge24h\",\"description\":\"Medicamentos Gen\u00e9ricos, Finpecia, Kamagra, Sidenafil, Tadalafil\",\"publisher\":{\"@id\":\"https:\/\/ge24h.com\/#organization\"},\"potentialAction\":[{\"@type\":\"SearchAction\",\"target\":{\"@type\":\"EntryPoint\",\"urlTemplate\":\"https:\/\/ge24h.com\/?s={search_term_string}\"},\"query-input\":{\"@type\":\"PropertyValueSpecification\",\"valueRequired\":true,\"valueName\":\"search_term_string\"}}],\"inLanguage\":\"fr-FR\"},{\"@type\":\"Organization\",\"@id\":\"https:\/\/ge24h.com\/#organization\",\"name\":\"Ge24h\",\"url\":\"https:\/\/ge24h.com\/\",\"logo\":{\"@type\":\"ImageObject\",\"inLanguage\":\"fr-FR\",\"@id\":\"https:\/\/ge24h.com\/#\/schema\/logo\/image\/\",\"url\":\"https:\/\/ge24h.com\/wp-content\/uploads\/logo-1.svg\",\"contentUrl\":\"https:\/\/ge24h.com\/wp-content\/uploads\/logo-1.svg\",\"width\":200,\"height\":58,\"caption\":\"Ge24h\"},\"image\":{\"@id\":\"https:\/\/ge24h.com\/#\/schema\/logo\/image\/\"}}]}<\/script>\n<!-- \/ Yoast SEO plugin. -->","yoast_head_json":{"title":"Proscar 5mg - Ge24h","description":"Achetez du Proscar 5 mg chez GE24h. Obtenez d\u00e8s maintenant les meilleurs m\u00e9dicaments g\u00e9n\u00e9riques au meilleur prix sur notre site web. Achetez des g\u00e9n\u00e9riques.","robots":{"index":"index","follow":"follow","max-snippet":"max-snippet:-1","max-image-preview":"max-image-preview:large","max-video-preview":"max-video-preview:-1"},"canonical":"https:\/\/ge24h.com\/fr\/producto\/proscar-5mg\/","og_locale":"fr_FR","og_type":"article","og_title":"Proscar 5mg - Ge24h","og_description":"Achetez du Proscar 5 mg chez GE24h. Obtenez d\u00e8s maintenant les meilleurs m\u00e9dicaments g\u00e9n\u00e9riques au meilleur prix sur notre site web. Achetez des g\u00e9n\u00e9riques.","og_url":"https:\/\/ge24h.com\/fr\/producto\/proscar-5mg\/","og_site_name":"Ge24h","article_modified_time":"2026-01-15T16:15:31+00:00","og_image":[{"width":800,"height":800,"url":"https:\/\/ge24h.com\/wp-content\/uploads\/proscar-5mg-2.png","type":"image\/png"}],"twitter_card":"summary_large_image","twitter_misc":{"Dur\u00e9e de lecture estim\u00e9e":"3 minutes"},"schema":{"@context":"https:\/\/schema.org","@graph":[{"@type":"WebPage","@id":"https:\/\/ge24h.com\/fr\/producto\/proscar-5mg\/","url":"https:\/\/ge24h.com\/fr\/producto\/proscar-5mg\/","name":"Proscar 5mg - Ge24h","isPartOf":{"@id":"https:\/\/ge24h.com\/#website"},"primaryImageOfPage":{"@id":"https:\/\/ge24h.com\/fr\/producto\/proscar-5mg\/#primaryimage"},"image":{"@id":"https:\/\/ge24h.com\/fr\/producto\/proscar-5mg\/#primaryimage"},"thumbnailUrl":"https:\/\/ge24h.com\/wp-content\/uploads\/proscar-5mg-2.png","datePublished":"2025-05-22T10:21:46+00:00","dateModified":"2026-01-15T16:15:31+00:00","description":"Achetez du Proscar 5 mg chez GE24h. Obtenez d\u00e8s maintenant les meilleurs m\u00e9dicaments g\u00e9n\u00e9riques au meilleur prix sur notre site web. Achetez des g\u00e9n\u00e9riques.","breadcrumb":{"@id":"https:\/\/ge24h.com\/fr\/producto\/proscar-5mg\/#breadcrumb"},"inLanguage":"fr-FR","potentialAction":[{"@type":"ReadAction","target":["https:\/\/ge24h.com\/fr\/producto\/proscar-5mg\/"]}]},{"@type":"ImageObject","inLanguage":"fr-FR","@id":"https:\/\/ge24h.com\/fr\/producto\/proscar-5mg\/#primaryimage","url":"https:\/\/ge24h.com\/wp-content\/uploads\/proscar-5mg-2.png","contentUrl":"https:\/\/ge24h.com\/wp-content\/uploads\/proscar-5mg-2.png","width":800,"height":800,"caption":"Proscar 5mg"},{"@type":"BreadcrumbList","@id":"https:\/\/ge24h.com\/fr\/producto\/proscar-5mg\/#breadcrumb","itemListElement":[{"@type":"ListItem","position":1,"name":"Portada","item":"https:\/\/ge24h.com\/fr\/"},{"@type":"ListItem","position":2,"name":"boutique","item":"https:\/\/ge24h.com\/fr\/boutique\/"},{"@type":"ListItem","position":3,"name":"Proscar 5mg"}]},{"@type":"WebSite","@id":"https:\/\/ge24h.com\/#website","url":"https:\/\/ge24h.com\/","name":"Ge24h","description":"Medicamentos Gen\u00e9ricos, Finpecia, Kamagra, Sidenafil, Tadalafil","publisher":{"@id":"https:\/\/ge24h.com\/#organization"},"potentialAction":[{"@type":"SearchAction","target":{"@type":"EntryPoint","urlTemplate":"https:\/\/ge24h.com\/?s={search_term_string}"},"query-input":{"@type":"PropertyValueSpecification","valueRequired":true,"valueName":"search_term_string"}}],"inLanguage":"fr-FR"},{"@type":"Organization","@id":"https:\/\/ge24h.com\/#organization","name":"Ge24h","url":"https:\/\/ge24h.com\/","logo":{"@type":"ImageObject","inLanguage":"fr-FR","@id":"https:\/\/ge24h.com\/#\/schema\/logo\/image\/","url":"https:\/\/ge24h.com\/wp-content\/uploads\/logo-1.svg","contentUrl":"https:\/\/ge24h.com\/wp-content\/uploads\/logo-1.svg","width":200,"height":58,"caption":"Ge24h"},"image":{"@id":"https:\/\/ge24h.com\/#\/schema\/logo\/image\/"}}]}},"_links":{"self":[{"href":"https:\/\/ge24h.com\/fr\/wp-json\/wp\/v2\/product\/5966","targetHints":{"allow":["GET"]}}],"collection":[{"href":"https:\/\/ge24h.com\/fr\/wp-json\/wp\/v2\/product"}],"about":[{"href":"https:\/\/ge24h.com\/fr\/wp-json\/wp\/v2\/types\/product"}],"replies":[{"embeddable":true,"href":"https:\/\/ge24h.com\/fr\/wp-json\/wp\/v2\/comments?post=5966"}],"wp:featuredmedia":[{"embeddable":true,"href":"https:\/\/ge24h.com\/fr\/wp-json\/wp\/v2\/media\/4957"}],"wp:attachment":[{"href":"https:\/\/ge24h.com\/fr\/wp-json\/wp\/v2\/media?parent=5966"}],"wp:term":[{"taxonomy":"product_brand","embeddable":true,"href":"https:\/\/ge24h.com\/fr\/wp-json\/wp\/v2\/product_brand?post=5966"},{"taxonomy":"product_cat","embeddable":true,"href":"https:\/\/ge24h.com\/fr\/wp-json\/wp\/v2\/product_cat?post=5966"},{"taxonomy":"product_tag","embeddable":true,"href":"https:\/\/ge24h.com\/fr\/wp-json\/wp\/v2\/product_tag?post=5966"}],"curies":[{"name":"wp","href":"https:\/\/api.w.org\/{rel}","templated":true}]}}