{"id":5257,"date":"2025-05-08T12:54:41","date_gmt":"2025-05-08T10:54:41","guid":{"rendered":"https:\/\/ge24h.com\/paiement-securise\/"},"modified":"2025-07-23T11:49:47","modified_gmt":"2025-07-23T09:49:47","slug":"paiement-securise","status":"publish","type":"page","link":"https:\/\/ge24h.com\/fr\/paiement-securise\/","title":{"rendered":"Paiement s\u00e9curis\u00e9"},"content":{"rendered":"<div class=\"wpb-content-wrapper\"><p>[vc_row][vc_column][vc_column_text animation_delay=\u00a0\u00bb0&Prime; css=\u00a0\u00bb\u00a0\u00bb]<\/p>\n<h2>Paiement s\u00e9curis\u00e9<\/h2>\n<p>[\/vc_column_text][\/vc_column][\/vc_row][vc_row][vc_column width=\u00a0\u00bb1\/2&Prime;][vc_empty_space height=\u00a0\u00bb64px\u00a0\u00bb][vc_single_image image=\u00a0\u00bb2706&Prime; img_size=\u00a0\u00bb\u00a0\u00bb alignment=\u00a0\u00bbcenter\u00a0\u00bb css=\u00a0\u00bb\u00a0\u00bb][vc_empty_space][vc_column_text animation_delay=\u00a0\u00bb0&Prime; css=\u00a0\u00bb\u00a0\u00bb]<\/p>\n<div class=\"inner\" style=\"text-align: center;\">Payez vos commandes en toute s\u00e9curit\u00e9 en utilisant des <strong>cartes de cr\u00e9dit ou de d\u00e9bit VISA.<\/strong> Toutes les transactions sont trait\u00e9es dans un environnement enti\u00e8rement s\u00e9curis\u00e9 gr\u00e2ce aux protocoles SSL. Vous devez toujours fournir vos informations de paiement via les passerelles de paiement propos\u00e9es par les banques qui d\u00e9tiennent votre carte de cr\u00e9dit ou de d\u00e9bit VISA.<\/div>\n<div class=\"inner\" style=\"text-align: center;\"><\/div>\n<div class=\"inner\" style=\"text-align: center;\">Conform\u00e9ment \u00e0 la r\u00e9glementation europ\u00e9enne, lorsque vous effectuez un paiement en ligne, <strong>vous devez recevoir un code de s\u00e9curit\u00e9 sur votre t\u00e9l\u00e9phone portable<\/strong> de la part de votre banque pour autoriser pleinement le paiement et ainsi pr\u00e9venir d&rsquo;\u00e9ventuelles fraudes. Ces messages et mots de passe sont envoy\u00e9s exclusivement par la banque \u00e9mettrice de votre carte VISA et doivent avoir \u00e9t\u00e9 pr\u00e9alablement configur\u00e9s aupr\u00e8s de votre banque. Une fois votre commande pass\u00e9e, un d\u00e9bit du montant de votre commande, effectu\u00e9 par \u00ab <strong> SHOP ONLINE <\/strong> \u00bb, appara\u00eetra sur le relev\u00e9 bancaire de la carte utilis\u00e9e.<\/div>\n<p>[\/vc_column_text][vc_empty_space height=\u00a0\u00bb64px\u00a0\u00bb][\/vc_column][vc_column width=\u00a0\u00bb1\/2&Prime;][vc_empty_space height=\u00a0\u00bb64px\u00a0\u00bb][vc_single_image image=\u00a0\u00bb2707&Prime; img_size=\u00a0\u00bb\u00a0\u00bb alignment=\u00a0\u00bbcenter\u00a0\u00bb css=\u00a0\u00bb\u00a0\u00bb][vc_empty_space][vc_column_text animation_delay=\u00a0\u00bb0&Prime; css=\u00a0\u00bb\u00a0\u00bb]Payez en <strong> Bitcoin, ETH ou USDT et b\u00e9n\u00e9ficiez de <\/strong> <strong>10 % de r\u00e9duction sur votre commande<\/strong>. S\u00e9lectionnez <strong>\u00ab PAYER EN CRYPTOMONNAIE \u00bb<\/strong> dans la section \u00ab Options de paiement \u00bb. Vous trouverez les adresses des diff\u00e9rents modes de paiement en cryptomonnaies pour r\u00e9gler votre commande. Vous pouvez payer confortablement avec votre portefeuille.<\/p>\n<p>Si vous avez d\u00e9j\u00e0 pay\u00e9 votre commande, vous devez nous envoyer par e-mail une confirmation de paiement afin que nous puissions v\u00e9rifier le v\u00e9rificateur et tracer votre commande. Payez avec de la crypto-monnaie sur notre site Web et obtenez une remise suppl\u00e9mentaire de <strong>10 % sur votre commande.<\/strong><\/p>\n<p>Ce mode de paiement est s\u00fbr et efficace. Payez \u00e0 l&rsquo;international sans frais suppl\u00e9mentaires.[\/vc_column_text][vc_empty_space height=\u00a0\u00bb64px\u00a0\u00bb][\/vc_column][\/vc_row]<\/p>\n<\/div>","protected":false},"excerpt":{"rendered":"<p>[vc_row][vc_column][vc_column_text animation_delay=\u00a0\u00bb0&Prime; css=\u00a0\u00bb\u00a0\u00bb] Paiement s\u00e9curis\u00e9 [\/vc_column_text][\/vc_column][\/vc_row][vc_row][vc_column width=\u00a0\u00bb1\/2&Prime;][vc_empty_space height=\u00a0\u00bb64px\u00a0\u00bb][vc_single_image image=\u00a0\u00bb2706&Prime; img_size=\u00a0\u00bb\u00a0\u00bb alignment=\u00a0\u00bbcenter\u00a0\u00bb css=\u00a0\u00bb\u00a0\u00bb][vc_empty_space][vc_column_text animation_delay=\u00a0\u00bb0&Prime; css=\u00a0\u00bb\u00a0\u00bb] Payez vos commandes en toute s\u00e9curit\u00e9 en utilisant des cartes de cr\u00e9dit ou de d\u00e9bit VISA. Toutes les transactions sont trait\u00e9es dans un environnement enti\u00e8rement s\u00e9curis\u00e9 gr\u00e2ce aux protocoles SSL. Vous devez toujours fournir vos informations de paiement via les passerelles [&hellip;]<\/p>\n","protected":false},"author":1,"featured_media":0,"parent":0,"menu_order":0,"comment_status":"closed","ping_status":"closed","template":"","meta":{"footnotes":""},"class_list":["post-5257","page","type-page","status-publish","hentry"],"yoast_head":"<!-- This site is optimized with the Yoast SEO plugin v25.6 - https:\/\/yoast.com\/wordpress\/plugins\/seo\/ -->\n<title>Paiement s\u00e9curis\u00e9 - Ge24h<\/title>\n<meta name=\"robots\" content=\"noindex, follow\" \/>\n<meta property=\"og:locale\" content=\"fr_FR\" \/>\n<meta property=\"og:type\" content=\"article\" \/>\n<meta property=\"og:title\" content=\"Paiement s\u00e9curis\u00e9 - Ge24h\" \/>\n<meta property=\"og:description\" content=\"[vc_row][vc_column][vc_column_text animation_delay=\u00a0\u00bb0&Prime; css=\u00a0\u00bb\u00a0\u00bb] Paiement s\u00e9curis\u00e9 [\/vc_column_text][\/vc_column][\/vc_row][vc_row][vc_column width=\u00a0\u00bb1\/2&Prime;][vc_empty_space height=\u00a0\u00bb64px\u00a0\u00bb][vc_single_image image=\u00a0\u00bb2706&Prime; img_size=\u00a0\u00bb\u00a0\u00bb alignment=\u00a0\u00bbcenter\u00a0\u00bb css=\u00a0\u00bb\u00a0\u00bb][vc_empty_space][vc_column_text animation_delay=\u00a0\u00bb0&Prime; css=\u00a0\u00bb\u00a0\u00bb] Payez vos commandes en toute s\u00e9curit\u00e9 en utilisant des cartes de cr\u00e9dit ou de d\u00e9bit VISA. Toutes les transactions sont trait\u00e9es dans un environnement enti\u00e8rement s\u00e9curis\u00e9 gr\u00e2ce aux protocoles SSL. Vous devez toujours fournir vos informations de paiement via les passerelles [&hellip;]\" \/>\n<meta property=\"og:url\" content=\"https:\/\/ge24h.com\/fr\/paiement-securise\/\" \/>\n<meta property=\"og:site_name\" content=\"Ge24h\" \/>\n<meta property=\"article:modified_time\" content=\"2025-07-23T09:49:47+00:00\" \/>\n<meta name=\"twitter:card\" content=\"summary_large_image\" \/>\n<meta name=\"twitter:label1\" content=\"Dur\u00e9e de lecture estim\u00e9e\" \/>\n\t<meta name=\"twitter:data1\" content=\"2 minutes\" \/>\n<script type=\"application\/ld+json\" class=\"yoast-schema-graph\">{\"@context\":\"https:\/\/schema.org\",\"@graph\":[{\"@type\":\"WebPage\",\"@id\":\"https:\/\/ge24h.com\/fr\/paiement-securise\/\",\"url\":\"https:\/\/ge24h.com\/fr\/paiement-securise\/\",\"name\":\"Paiement s\u00e9curis\u00e9 - Ge24h\",\"isPartOf\":{\"@id\":\"https:\/\/ge24h.com\/#website\"},\"datePublished\":\"2025-05-08T10:54:41+00:00\",\"dateModified\":\"2025-07-23T09:49:47+00:00\",\"breadcrumb\":{\"@id\":\"https:\/\/ge24h.com\/fr\/paiement-securise\/#breadcrumb\"},\"inLanguage\":\"fr-FR\",\"potentialAction\":[{\"@type\":\"ReadAction\",\"target\":[\"https:\/\/ge24h.com\/fr\/paiement-securise\/\"]}]},{\"@type\":\"BreadcrumbList\",\"@id\":\"https:\/\/ge24h.com\/fr\/paiement-securise\/#breadcrumb\",\"itemListElement\":[{\"@type\":\"ListItem\",\"position\":1,\"name\":\"Portada\",\"item\":\"https:\/\/ge24h.com\/fr\/\"},{\"@type\":\"ListItem\",\"position\":2,\"name\":\"Paiement s\u00e9curis\u00e9\"}]},{\"@type\":\"WebSite\",\"@id\":\"https:\/\/ge24h.com\/#website\",\"url\":\"https:\/\/ge24h.com\/\",\"name\":\"Ge24h\",\"description\":\"Medicamentos Gen\u00e9ricos, Finpecia, Kamagra, Sidenafil, Tadalafil\",\"publisher\":{\"@id\":\"https:\/\/ge24h.com\/#organization\"},\"potentialAction\":[{\"@type\":\"SearchAction\",\"target\":{\"@type\":\"EntryPoint\",\"urlTemplate\":\"https:\/\/ge24h.com\/?s={search_term_string}\"},\"query-input\":{\"@type\":\"PropertyValueSpecification\",\"valueRequired\":true,\"valueName\":\"search_term_string\"}}],\"inLanguage\":\"fr-FR\"},{\"@type\":\"Organization\",\"@id\":\"https:\/\/ge24h.com\/#organization\",\"name\":\"Ge24h\",\"url\":\"https:\/\/ge24h.com\/\",\"logo\":{\"@type\":\"ImageObject\",\"inLanguage\":\"fr-FR\",\"@id\":\"https:\/\/ge24h.com\/#\/schema\/logo\/image\/\",\"url\":\"https:\/\/ge24h.com\/wp-content\/uploads\/logo-1.svg\",\"contentUrl\":\"https:\/\/ge24h.com\/wp-content\/uploads\/logo-1.svg\",\"width\":200,\"height\":58,\"caption\":\"Ge24h\"},\"image\":{\"@id\":\"https:\/\/ge24h.com\/#\/schema\/logo\/image\/\"}}]}<\/script>\n<!-- \/ Yoast SEO plugin. -->","yoast_head_json":{"title":"Paiement s\u00e9curis\u00e9 - Ge24h","robots":{"index":"noindex","follow":"follow"},"og_locale":"fr_FR","og_type":"article","og_title":"Paiement s\u00e9curis\u00e9 - Ge24h","og_description":"[vc_row][vc_column][vc_column_text animation_delay=\u00a0\u00bb0&Prime; css=\u00a0\u00bb\u00a0\u00bb] Paiement s\u00e9curis\u00e9 [\/vc_column_text][\/vc_column][\/vc_row][vc_row][vc_column width=\u00a0\u00bb1\/2&Prime;][vc_empty_space height=\u00a0\u00bb64px\u00a0\u00bb][vc_single_image image=\u00a0\u00bb2706&Prime; img_size=\u00a0\u00bb\u00a0\u00bb alignment=\u00a0\u00bbcenter\u00a0\u00bb css=\u00a0\u00bb\u00a0\u00bb][vc_empty_space][vc_column_text animation_delay=\u00a0\u00bb0&Prime; css=\u00a0\u00bb\u00a0\u00bb] Payez vos commandes en toute s\u00e9curit\u00e9 en utilisant des cartes de cr\u00e9dit ou de d\u00e9bit VISA. Toutes les transactions sont trait\u00e9es dans un environnement enti\u00e8rement s\u00e9curis\u00e9 gr\u00e2ce aux protocoles SSL. Vous devez toujours fournir vos informations de paiement via les passerelles [&hellip;]","og_url":"https:\/\/ge24h.com\/fr\/paiement-securise\/","og_site_name":"Ge24h","article_modified_time":"2025-07-23T09:49:47+00:00","twitter_card":"summary_large_image","twitter_misc":{"Dur\u00e9e de lecture estim\u00e9e":"2 minutes"},"schema":{"@context":"https:\/\/schema.org","@graph":[{"@type":"WebPage","@id":"https:\/\/ge24h.com\/fr\/paiement-securise\/","url":"https:\/\/ge24h.com\/fr\/paiement-securise\/","name":"Paiement s\u00e9curis\u00e9 - Ge24h","isPartOf":{"@id":"https:\/\/ge24h.com\/#website"},"datePublished":"2025-05-08T10:54:41+00:00","dateModified":"2025-07-23T09:49:47+00:00","breadcrumb":{"@id":"https:\/\/ge24h.com\/fr\/paiement-securise\/#breadcrumb"},"inLanguage":"fr-FR","potentialAction":[{"@type":"ReadAction","target":["https:\/\/ge24h.com\/fr\/paiement-securise\/"]}]},{"@type":"BreadcrumbList","@id":"https:\/\/ge24h.com\/fr\/paiement-securise\/#breadcrumb","itemListElement":[{"@type":"ListItem","position":1,"name":"Portada","item":"https:\/\/ge24h.com\/fr\/"},{"@type":"ListItem","position":2,"name":"Paiement s\u00e9curis\u00e9"}]},{"@type":"WebSite","@id":"https:\/\/ge24h.com\/#website","url":"https:\/\/ge24h.com\/","name":"Ge24h","description":"Medicamentos Gen\u00e9ricos, Finpecia, Kamagra, Sidenafil, Tadalafil","publisher":{"@id":"https:\/\/ge24h.com\/#organization"},"potentialAction":[{"@type":"SearchAction","target":{"@type":"EntryPoint","urlTemplate":"https:\/\/ge24h.com\/?s={search_term_string}"},"query-input":{"@type":"PropertyValueSpecification","valueRequired":true,"valueName":"search_term_string"}}],"inLanguage":"fr-FR"},{"@type":"Organization","@id":"https:\/\/ge24h.com\/#organization","name":"Ge24h","url":"https:\/\/ge24h.com\/","logo":{"@type":"ImageObject","inLanguage":"fr-FR","@id":"https:\/\/ge24h.com\/#\/schema\/logo\/image\/","url":"https:\/\/ge24h.com\/wp-content\/uploads\/logo-1.svg","contentUrl":"https:\/\/ge24h.com\/wp-content\/uploads\/logo-1.svg","width":200,"height":58,"caption":"Ge24h"},"image":{"@id":"https:\/\/ge24h.com\/#\/schema\/logo\/image\/"}}]}},"_links":{"self":[{"href":"https:\/\/ge24h.com\/fr\/wp-json\/wp\/v2\/pages\/5257","targetHints":{"allow":["GET"]}}],"collection":[{"href":"https:\/\/ge24h.com\/fr\/wp-json\/wp\/v2\/pages"}],"about":[{"href":"https:\/\/ge24h.com\/fr\/wp-json\/wp\/v2\/types\/page"}],"author":[{"embeddable":true,"href":"https:\/\/ge24h.com\/fr\/wp-json\/wp\/v2\/users\/1"}],"replies":[{"embeddable":true,"href":"https:\/\/ge24h.com\/fr\/wp-json\/wp\/v2\/comments?post=5257"}],"version-history":[{"count":2,"href":"https:\/\/ge24h.com\/fr\/wp-json\/wp\/v2\/pages\/5257\/revisions"}],"predecessor-version":[{"id":5259,"href":"https:\/\/ge24h.com\/fr\/wp-json\/wp\/v2\/pages\/5257\/revisions\/5259"}],"wp:attachment":[{"href":"https:\/\/ge24h.com\/fr\/wp-json\/wp\/v2\/media?parent=5257"}],"curies":[{"name":"wp","href":"https:\/\/api.w.org\/{rel}","templated":true}]}}