{"id":5223,"date":"2025-05-08T12:54:41","date_gmt":"2025-05-08T10:54:41","guid":{"rendered":"https:\/\/ge24h.com\/expedition-et-retours\/"},"modified":"2025-07-28T16:10:35","modified_gmt":"2025-07-28T14:10:35","slug":"expedition-et-retours","status":"publish","type":"page","link":"https:\/\/ge24h.com\/fr\/expedition-et-retours\/","title":{"rendered":"Exp\u00e9dition et retours"},"content":{"rendered":"<div class=\"wpb-content-wrapper\">[vc_row][vc_column][vc_column_text animation_delay=\u00a0\u00bb0&Prime; css=\u00a0\u00bb.vc_custom_1750256421820{padding-bottom: 48px !important;}\u00a0\u00bb]\n<h1>Exp\u00e9dition et retours<\/h1>\n<p>Apprenez tout sur l&rsquo;exp\u00e9dition et les retours sur Ge24h.[\/vc_column_text][vc_column_text animation_delay=\u00a0\u00bb0&Prime; css=\u00a0\u00bb.vc_custom_1750256435780{padding-bottom: 48px !important;}\u00a0\u00bb]\n<h2>Exp\u00e9dition express<\/h2>\n<p>Les commandes sont exp\u00e9di\u00e9es depuis un pays europ\u00e9en par service <strong>postal express<\/strong>. Une fois votre commande exp\u00e9di\u00e9e, nous vous fournirons un num\u00e9ro de suivi que vous pourrez consulter sur le site web de <strong>Correos.<\/strong> Si le produit que vous avez s\u00e9lectionn\u00e9 ne peut \u00eatre exp\u00e9di\u00e9 depuis l&rsquo;Europe, nous vous contacterons pour vous informer du changement de mode de livraison et vous rembourserons la diff\u00e9rence entre les frais de livraison que vous avez pay\u00e9s et le nouveau co\u00fbt.<\/p>\n<p>\u00c9tant donn\u00e9 que votre commande est exp\u00e9di\u00e9e depuis l&rsquo;Europe, les d\u00e9lais de livraison seront plus rapides et vous \u00e9viterez d&rsquo;avoir \u00e0 soumettre les documents demand\u00e9s et les frais de douane.[\/vc_column_text][vc_column_text animation_delay=\u00a0\u00bb0&Prime; css=\u00a0\u00bb\u00a0\u00bb]\n<h2>Exp\u00e9dition normale<\/h2>\n<p>Nos commandes sont exp\u00e9di\u00e9es depuis l&rsquo;ext\u00e9rieur de l&rsquo;Europe par les services <strong>postaux standard. <\/strong> Une fois votre commande exp\u00e9di\u00e9e, nous vous fournirons un num\u00e9ro de suivi, que vous pourrez consulter sur le site web de <strong>Correos<\/strong> quelques jours plus tard.<\/p>\n<p>S&rsquo;agissant d&rsquo;une exp\u00e9dition provenant d&rsquo;un pays hors d&rsquo;Europe, votre commande pourrait \u00eatre retenue par les douanes \u00e0 son entr\u00e9e en Espagne. Vous pourriez \u00eatre tenu de pr\u00e9senter les documents demand\u00e9s et de payer des frais de douane. Ces frais sont impos\u00e9s par le gouvernement de votre pays et nous ne pouvons les r\u00e9duire ni les rembourser.<\/p>\n<p>Si vous ne recevez pas automatiquement votre num\u00e9ro de suivi apr\u00e8s l&rsquo;exp\u00e9dition de votre commande, veuillez nous contacter afin que nous puissions vous le communiquer. Vous pouvez consulter l&rsquo;\u00e9tat de livraison de votre commande \u00e0 tout moment et emp\u00eacher son retour.<\/p>\n<p>Si le transporteur ne peut livrer votre commande en raison de votre <strong>absence,<\/strong> le colis restera au bureau de poste le plus proche de votre domicile pendant <strong>10 jours jusqu&rsquo;\u00e0 son retrait.<\/strong> Si vous ne retirez pas votre commande dans ce d\u00e9lai, elle vous sera retourn\u00e9e et vous devrez r\u00e9gler \u00e0 nouveau les frais de port avant que nous puissions vous la renvoyer.<\/p>\n<p><!-- \/wp:post-content --><!-- \/wp:paragraph -->[\/vc_column_text][\/vc_column][\/vc_row][vc_row][vc_column][\/vc_column][\/vc_row][vc_row css=\u00a0\u00bb.vc_custom_1746717326478{padding-top: 48px !important;padding-bottom: 64px !important;}\u00a0\u00bb][vc_column]<div id=\"et-pricing-table-container1\" class=\"et-pricing-table-container columns-2 gap-true\"><div id=\"et-pricing-table-495578\" class=\"et-pricing-table highlight-true\" data-color=\"#15a9e3\"><div class=\"pricing-table-inner\"><div class=\"pricing-table-head\"><h4 class=\"title in\">Exp\u00e9dition express<\/h4><div class=\"plan in\">7 \u00e0 10 jours ouvrables<\/div><div class=\"pricing-table-price in\"><span class=\"price\">20,99\u20ac<\/span><\/div><\/div><div class=\"pricing-table-body\"><ul><li class=\"in\">\u2705 Num\u00e9ro de suivi \u274c Douanes<\/li><\/ul><\/div><\/div><\/div><\/div>[\/vc_column][\/vc_row][vc_row css=\u00a0\u00bb.vc_custom_1746715975426{padding-bottom: 48px !important;}\u00a0\u00bb][vc_column][vc_column_text animation_delay=\u00a0\u00bb0&Prime; css=\u00a0\u00bb\u00a0\u00bb]\n<h2>Retours et annulations<\/h2>\n<p>Veuillez noter que nous acceptons les annulations uniquement dans les 24 heures suivant votre commande. Concernant l&rsquo;exp\u00e9dition et les retours : Si vous souhaitez annuler votre commande, veuillez contacter notre \u00e9quipe et l&rsquo;informer de votre d\u00e9cision. Si vous nous contactez apr\u00e8s 24 heures, l&rsquo;annulation ne pourra pas \u00eatre trait\u00e9e, car la commande aura d\u00e9j\u00e0 \u00e9t\u00e9 exp\u00e9di\u00e9e. Nous ne pouvons pas annuler le processus, car la proc\u00e9dure est entre les mains du transporteur.<\/p>\n<p>Nous vous recommandons de v\u00e9rifier attentivement les informations de votre demande avant de la traiter. Toute erreur peut entra\u00eener une non-livraison. Si, apr\u00e8s avoir trait\u00e9 votre commande, vous constatez une erreur d&rsquo;adresse, veuillez nous contacter d\u00e8s que possible pour nous en informer.<\/p>\n<p>Veuillez noter que nous ne livrons pas aux bo\u00eetes postales ni aux points de vente agr\u00e9\u00e9s. Conform\u00e9ment aux normes du secteur, <strong>Ge24h.com<\/strong> n&rsquo;accepte aucun retour de m\u00e9dicaments g\u00e9n\u00e9riques. Si vous avez re\u00e7u une commande incompl\u00e8te ou si vous n&rsquo;\u00eates pas satisfait du produit et souhaitez un remboursement, veuillez contacter notre service par e-mail ; nous traiterons votre demande dans les plus brefs d\u00e9lais.<\/p>\n<p>Si vous avez re\u00e7u un produit qui ne correspond pas \u00e0 ce que vous avez command\u00e9, veuillez nous envoyer une photo des produits que vous avez re\u00e7us ainsi que l&rsquo;enveloppe que vous avez re\u00e7ue afin que nous puissions effectuer les v\u00e9rifications appropri\u00e9es.[\/vc_column_text][\/vc_column][\/vc_row]\n<!-- \/wp:freeform --><\/div>","protected":false},"excerpt":{"rendered":"<p>[vc_row][vc_column][vc_column_text animation_delay=\u00a0\u00bb0&Prime; css=\u00a0\u00bb.vc_custom_1750256421820{padding-bottom: 48px !important;}\u00a0\u00bb] Exp\u00e9dition et retours Apprenez tout sur l&rsquo;exp\u00e9dition et les retours sur Ge24h.[\/vc_column_text][vc_column_text animation_delay=\u00a0\u00bb0&Prime; css=\u00a0\u00bb.vc_custom_1750256435780{padding-bottom: 48px !important;}\u00a0\u00bb] Exp\u00e9dition express Les commandes sont exp\u00e9di\u00e9es depuis un pays europ\u00e9en par service postal express. Une fois votre commande exp\u00e9di\u00e9e, nous vous fournirons un num\u00e9ro de suivi que vous pourrez consulter sur le site web [&hellip;]<\/p>\n","protected":false},"author":1,"featured_media":0,"parent":0,"menu_order":0,"comment_status":"closed","ping_status":"closed","template":"","meta":{"footnotes":""},"class_list":["post-5223","page","type-page","status-publish","hentry"],"yoast_head":"<!-- This site is optimized with the Yoast SEO plugin v25.6 - https:\/\/yoast.com\/wordpress\/plugins\/seo\/ -->\n<title>Exp\u00e9dition et retours - Ge24h<\/title>\n<meta name=\"description\" content=\"Exp\u00e9dition et retours. D\u00e9couvrez la politique d&#039;exp\u00e9dition et de retour compl\u00e8te de Ge24h. Les meilleurs m\u00e9dicaments g\u00e9n\u00e9riques.\" \/>\n<meta name=\"robots\" content=\"index, follow, max-snippet:-1, max-image-preview:large, max-video-preview:-1\" \/>\n<link rel=\"canonical\" href=\"https:\/\/ge24h.com\/envios-y-devoluciones\/\" \/>\n<meta property=\"og:locale\" content=\"fr_FR\" \/>\n<meta property=\"og:type\" content=\"article\" \/>\n<meta property=\"og:title\" content=\"Exp\u00e9dition et retours - Ge24h\" \/>\n<meta property=\"og:description\" content=\"Exp\u00e9dition et retours. D\u00e9couvrez la politique d&#039;exp\u00e9dition et de retour compl\u00e8te de Ge24h. Les meilleurs m\u00e9dicaments g\u00e9n\u00e9riques.\" \/>\n<meta property=\"og:url\" content=\"https:\/\/ge24h.com\/envios-y-devoluciones\/\" \/>\n<meta property=\"og:site_name\" content=\"Ge24h\" \/>\n<meta property=\"article:modified_time\" content=\"2025-07-28T14:10:35+00:00\" \/>\n<meta name=\"twitter:card\" content=\"summary_large_image\" \/>\n<meta name=\"twitter:label1\" content=\"Dur\u00e9e de lecture estim\u00e9e\" \/>\n\t<meta name=\"twitter:data1\" content=\"3 minutes\" \/>\n<script type=\"application\/ld+json\" class=\"yoast-schema-graph\">{\"@context\":\"https:\/\/schema.org\",\"@graph\":[{\"@type\":\"WebPage\",\"@id\":\"https:\/\/ge24h.com\/envios-y-devoluciones\/\",\"url\":\"https:\/\/ge24h.com\/envios-y-devoluciones\/\",\"name\":\"Exp\u00e9dition et retours - Ge24h\",\"isPartOf\":{\"@id\":\"https:\/\/ge24h.com\/#website\"},\"datePublished\":\"2025-05-08T10:54:41+00:00\",\"dateModified\":\"2025-07-28T14:10:35+00:00\",\"description\":\"Exp\u00e9dition et retours. D\u00e9couvrez la politique d'exp\u00e9dition et de retour compl\u00e8te de Ge24h. Les meilleurs m\u00e9dicaments g\u00e9n\u00e9riques.\",\"breadcrumb\":{\"@id\":\"https:\/\/ge24h.com\/envios-y-devoluciones\/#breadcrumb\"},\"inLanguage\":\"fr-FR\",\"potentialAction\":[{\"@type\":\"ReadAction\",\"target\":[\"https:\/\/ge24h.com\/envios-y-devoluciones\/\"]}]},{\"@type\":\"BreadcrumbList\",\"@id\":\"https:\/\/ge24h.com\/envios-y-devoluciones\/#breadcrumb\",\"itemListElement\":[{\"@type\":\"ListItem\",\"position\":1,\"name\":\"Portada\",\"item\":\"https:\/\/ge24h.com\/fr\/\"},{\"@type\":\"ListItem\",\"position\":2,\"name\":\"Exp\u00e9dition et retours\"}]},{\"@type\":\"WebSite\",\"@id\":\"https:\/\/ge24h.com\/#website\",\"url\":\"https:\/\/ge24h.com\/\",\"name\":\"Ge24h\",\"description\":\"Medicamentos Gen\u00e9ricos, Finpecia, Kamagra, Sidenafil, Tadalafil\",\"publisher\":{\"@id\":\"https:\/\/ge24h.com\/#organization\"},\"potentialAction\":[{\"@type\":\"SearchAction\",\"target\":{\"@type\":\"EntryPoint\",\"urlTemplate\":\"https:\/\/ge24h.com\/?s={search_term_string}\"},\"query-input\":{\"@type\":\"PropertyValueSpecification\",\"valueRequired\":true,\"valueName\":\"search_term_string\"}}],\"inLanguage\":\"fr-FR\"},{\"@type\":\"Organization\",\"@id\":\"https:\/\/ge24h.com\/#organization\",\"name\":\"Ge24h\",\"url\":\"https:\/\/ge24h.com\/\",\"logo\":{\"@type\":\"ImageObject\",\"inLanguage\":\"fr-FR\",\"@id\":\"https:\/\/ge24h.com\/#\/schema\/logo\/image\/\",\"url\":\"https:\/\/ge24h.com\/wp-content\/uploads\/logo-1.svg\",\"contentUrl\":\"https:\/\/ge24h.com\/wp-content\/uploads\/logo-1.svg\",\"width\":200,\"height\":58,\"caption\":\"Ge24h\"},\"image\":{\"@id\":\"https:\/\/ge24h.com\/#\/schema\/logo\/image\/\"}}]}<\/script>\n<!-- \/ Yoast SEO plugin. -->","yoast_head_json":{"title":"Exp\u00e9dition et retours - Ge24h","description":"Exp\u00e9dition et retours. D\u00e9couvrez la politique d'exp\u00e9dition et de retour compl\u00e8te de Ge24h. Les meilleurs m\u00e9dicaments g\u00e9n\u00e9riques.","robots":{"index":"index","follow":"follow","max-snippet":"max-snippet:-1","max-image-preview":"max-image-preview:large","max-video-preview":"max-video-preview:-1"},"canonical":"https:\/\/ge24h.com\/envios-y-devoluciones\/","og_locale":"fr_FR","og_type":"article","og_title":"Exp\u00e9dition et retours - Ge24h","og_description":"Exp\u00e9dition et retours. D\u00e9couvrez la politique d'exp\u00e9dition et de retour compl\u00e8te de Ge24h. Les meilleurs m\u00e9dicaments g\u00e9n\u00e9riques.","og_url":"https:\/\/ge24h.com\/envios-y-devoluciones\/","og_site_name":"Ge24h","article_modified_time":"2025-07-28T14:10:35+00:00","twitter_card":"summary_large_image","twitter_misc":{"Dur\u00e9e de lecture estim\u00e9e":"3 minutes"},"schema":{"@context":"https:\/\/schema.org","@graph":[{"@type":"WebPage","@id":"https:\/\/ge24h.com\/envios-y-devoluciones\/","url":"https:\/\/ge24h.com\/envios-y-devoluciones\/","name":"Exp\u00e9dition et retours - Ge24h","isPartOf":{"@id":"https:\/\/ge24h.com\/#website"},"datePublished":"2025-05-08T10:54:41+00:00","dateModified":"2025-07-28T14:10:35+00:00","description":"Exp\u00e9dition et retours. D\u00e9couvrez la politique d'exp\u00e9dition et de retour compl\u00e8te de Ge24h. Les meilleurs m\u00e9dicaments g\u00e9n\u00e9riques.","breadcrumb":{"@id":"https:\/\/ge24h.com\/envios-y-devoluciones\/#breadcrumb"},"inLanguage":"fr-FR","potentialAction":[{"@type":"ReadAction","target":["https:\/\/ge24h.com\/envios-y-devoluciones\/"]}]},{"@type":"BreadcrumbList","@id":"https:\/\/ge24h.com\/envios-y-devoluciones\/#breadcrumb","itemListElement":[{"@type":"ListItem","position":1,"name":"Portada","item":"https:\/\/ge24h.com\/fr\/"},{"@type":"ListItem","position":2,"name":"Exp\u00e9dition et retours"}]},{"@type":"WebSite","@id":"https:\/\/ge24h.com\/#website","url":"https:\/\/ge24h.com\/","name":"Ge24h","description":"Medicamentos Gen\u00e9ricos, Finpecia, Kamagra, Sidenafil, Tadalafil","publisher":{"@id":"https:\/\/ge24h.com\/#organization"},"potentialAction":[{"@type":"SearchAction","target":{"@type":"EntryPoint","urlTemplate":"https:\/\/ge24h.com\/?s={search_term_string}"},"query-input":{"@type":"PropertyValueSpecification","valueRequired":true,"valueName":"search_term_string"}}],"inLanguage":"fr-FR"},{"@type":"Organization","@id":"https:\/\/ge24h.com\/#organization","name":"Ge24h","url":"https:\/\/ge24h.com\/","logo":{"@type":"ImageObject","inLanguage":"fr-FR","@id":"https:\/\/ge24h.com\/#\/schema\/logo\/image\/","url":"https:\/\/ge24h.com\/wp-content\/uploads\/logo-1.svg","contentUrl":"https:\/\/ge24h.com\/wp-content\/uploads\/logo-1.svg","width":200,"height":58,"caption":"Ge24h"},"image":{"@id":"https:\/\/ge24h.com\/#\/schema\/logo\/image\/"}}]}},"_links":{"self":[{"href":"https:\/\/ge24h.com\/fr\/wp-json\/wp\/v2\/pages\/5223","targetHints":{"allow":["GET"]}}],"collection":[{"href":"https:\/\/ge24h.com\/fr\/wp-json\/wp\/v2\/pages"}],"about":[{"href":"https:\/\/ge24h.com\/fr\/wp-json\/wp\/v2\/types\/page"}],"author":[{"embeddable":true,"href":"https:\/\/ge24h.com\/fr\/wp-json\/wp\/v2\/users\/1"}],"replies":[{"embeddable":true,"href":"https:\/\/ge24h.com\/fr\/wp-json\/wp\/v2\/comments?post=5223"}],"version-history":[{"count":6,"href":"https:\/\/ge24h.com\/fr\/wp-json\/wp\/v2\/pages\/5223\/revisions"}],"predecessor-version":[{"id":13890,"href":"https:\/\/ge24h.com\/fr\/wp-json\/wp\/v2\/pages\/5223\/revisions\/13890"}],"wp:attachment":[{"href":"https:\/\/ge24h.com\/fr\/wp-json\/wp\/v2\/media?parent=5223"}],"curies":[{"name":"wp","href":"https:\/\/api.w.org\/{rel}","templated":true}]}}