{"id":5205,"date":"2021-12-21T12:21:58","date_gmt":"2021-12-21T11:21:58","guid":{"rendered":"https:\/\/ge24h.com\/contact\/"},"modified":"2025-07-28T16:50:46","modified_gmt":"2025-07-28T14:50:46","slug":"contact","status":"publish","type":"page","link":"https:\/\/ge24h.com\/fr\/contact\/","title":{"rendered":"Contact"},"content":{"rendered":"<div class=\"wpb-content-wrapper\"><p>[vc_row equal_height=\u00a0\u00bbyes\u00a0\u00bb element_id=\u00a0\u00bb715550&Prime;][vc_column animation_delay=\u00a0\u00bb0&Prime; element_id=\u00a0\u00bb850426&Prime; css=\u00a0\u00bb.vc_custom_1644419839207{margin-top: 24px !important;padding-top: 32px !important;padding-right: 40px !important;padding-bottom: 0px !important;padding-left: 40px !important;background-color: #f4f5f8 !important;border-radius: 10px !important;}\u00a0\u00bb crp=\u00a0\u00bb374:8:8,375-767:8:8,768-1023:i:i,1024-1279:i:i,1280-1599:i:i,1600-1919:i:i\u00a0\u00bb el_class=\u00a0\u00bbform-white\u00a0\u00bb offset=\u00a0\u00bbvc_col-lg-8 vc_col-md-6 vc_col-xs-12&Prime;][vc_row_inner content_placement=\u00a0\u00bbbottom\u00a0\u00bb element_id=\u00a0\u00bb231324&Prime;][vc_column_inner offset=\u00a0\u00bbvc_col-lg-8 vc_col-md-12 vc_col-xs-12&Prime;]<h3 class=\"et-heading text-align-left highlight-false icon-position-left\" id=\"et-heading-463659\" ><span class=\"text-wrapper\"><span class=\"text\">Contact<\/span><span class=\"curtain\"><\/span><\/span><\/h3><p class=\"et-heading text-align-left highlight-false icon-position-left\" id=\"et-heading-204463\" ><span class=\"text-wrapper\"><span class=\"text\">Vous avez un probl\u00e8me avec votre achat, vous avez besoin d&rsquo;aide ou d&rsquo;une suggestion ? Voici notre page de contact.<\/span><span class=\"curtain\"><\/span><\/span><\/p>[\/vc_column_inner][vc_column_inner el_class=\u00a0\u00bbtext-align-right text768-1023-align-left text767-align-left\u00a0\u00bb offset=\u00a0\u00bbvc_col-lg-4 vc_col-md-12 vc_hidden-md vc_col-xs-12&Prime;]<span class=\"et-gap et-clearfix et-gap-504948 hide1024\"><\/span>[\/vc_column_inner][\/vc_row_inner]<span class=\"et-gap et-clearfix et-gap-48365 hide767\"><\/span>\n<div class=\"wpcf7 no-js\" id=\"wpcf7-f2579-o1\" lang=\"es-ES\" dir=\"ltr\" data-wpcf7-id=\"2579\">\n<div class=\"screen-reader-response\"><p role=\"status\" aria-live=\"polite\" aria-atomic=\"true\"><\/p> <ul><\/ul><\/div>\n<form action=\"\/fr\/wp-json\/wp\/v2\/pages\/5205#wpcf7-f2579-o1\" method=\"post\" class=\"wpcf7-form init\" aria-label=\"Formulario de contacto\" novalidate=\"novalidate\" data-status=\"init\">\n<fieldset class=\"hidden-fields-container\"><input type=\"hidden\" name=\"_wpcf7\" value=\"2579\" \/><input type=\"hidden\" name=\"_wpcf7_version\" value=\"6.1\" \/><input type=\"hidden\" name=\"_wpcf7_locale\" value=\"es_ES\" \/><input type=\"hidden\" name=\"_wpcf7_unit_tag\" value=\"wpcf7-f2579-o1\" \/><input type=\"hidden\" name=\"_wpcf7_container_post\" value=\"0\" \/><input type=\"hidden\" name=\"_wpcf7_posted_data_hash\" value=\"\" \/><input type=\"hidden\" name=\"_wpcf7_recaptcha_response\" value=\"\" \/>\n<\/fieldset>\n<p><label> Nombre<br \/>\n<span class=\"wpcf7-form-control-wrap\" data-name=\"your-name\"><input size=\"40\" maxlength=\"400\" class=\"wpcf7-form-control wpcf7-text wpcf7-validates-as-required\" aria-required=\"true\" aria-invalid=\"false\" value=\"\" type=\"text\" name=\"your-name\" \/><\/span> <\/label>\n<\/p>\n<p><label> Email<br \/>\n<span class=\"wpcf7-form-control-wrap\" data-name=\"your-email\"><input size=\"40\" maxlength=\"400\" class=\"wpcf7-form-control wpcf7-email wpcf7-validates-as-required wpcf7-text wpcf7-validates-as-email\" aria-required=\"true\" aria-invalid=\"false\" value=\"\" type=\"email\" name=\"your-email\" \/><\/span> <\/label>\n<\/p>\n<p><label> Asunto<br \/>\n<span class=\"wpcf7-form-control-wrap\" data-name=\"your-subject\"><input size=\"40\" maxlength=\"400\" class=\"wpcf7-form-control wpcf7-text wpcf7-validates-as-required\" aria-required=\"true\" aria-invalid=\"false\" value=\"\" type=\"text\" name=\"your-subject\" \/><\/span> <\/label>\n<\/p>\n<p><label> Mensaje<br \/>\n<span class=\"wpcf7-form-control-wrap\" data-name=\"your-message\"><textarea cols=\"40\" rows=\"10\" maxlength=\"2000\" class=\"wpcf7-form-control wpcf7-textarea\" aria-invalid=\"false\" name=\"your-message\"><\/textarea><\/span> <\/label>\n<\/p>\n<p><input class=\"wpcf7-form-control wpcf7-submit has-spinner\" type=\"submit\" value=\"Enviar\" \/>\n<\/p><div class=\"wpcf7-response-output\" aria-hidden=\"true\"><\/div>\n<\/form>\n<\/div>\n[\/vc_column][vc_column animation_delay=\u00a0\u00bb0&Prime; element_id=\u00a0\u00bb304774&Prime; css=\u00a0\u00bb.vc_custom_1644420372482{margin-top: 24px !important;border-top-width: 1px !important;border-right-width: 1px !important;border-bottom-width: 1px !important;border-left-width: 1px !important;padding-top: 32px !important;padding-right: 40px !important;padding-bottom: 40px !important;padding-left: 40px !important;background-color: #ffffff !important;border-left-color: #e0e0e0 !important;border-left-style: solid !important;border-right-color: #e0e0e0 !important;border-right-style: solid !important;border-top-color: #e0e0e0 !important;border-top-style: solid !important;border-bottom-color: #e0e0e0 !important;border-bottom-style: solid !important;border-radius: 10px !important;}\u00a0\u00bb crp=\u00a0\u00bb374:8:8,375-767:8:8,768-1023:i:i,1024-1279:i:i,1280-1599:i:i,1600-1919:i:i\u00a0\u00bb offset=\u00a0\u00bbvc_col-lg-4 vc_col-md-6 vc_col-xs-12&Prime;]<h3 class=\"et-heading text-align-left highlight-false icon-position-left\" id=\"et-heading-105242\" ><span class=\"text-wrapper\"><span class=\"text\">Contactez nous<\/span><span class=\"curtain\"><\/span><\/span><\/h3><p class=\"et-heading text-align-left highlight-false icon-position-left\" id=\"et-heading-817796\" ><span class=\"text-wrapper\"><span class=\"text\">Contactez-nous et notre \u00e9quipe de professionnels r\u00e9pondra \u00e0 vos questions dans les plus brefs d\u00e9lais.<\/span><span class=\"curtain\"><\/span><\/span><\/p><span class=\"et-gap et-clearfix et-gap-290566\"><\/span><div id=\"et-icon-box-780114\" class=\"et-icon-box vci icon-position-left icon-alignment-left animation-none small-x no-content full\" data-effect=\"none\"><div class=\"before\"><\/div><div class=\"et-icon-box-inner et-clearfix small-x\"><div class=\"et-icon small-x\"><svg xmlns=\"http:\/\/www.w3.org\/2000\/svg\" viewBox=\"0 0 512 512\" style=\"enable-background:new 0 0 512 512\" xml:space=\"preserve\"><path d=\"M467 80.609H45c-24.813 0-45 20.187-45 45v260.782c0 24.813 20.187 45 45 45h422c24.813 0 45-20.187 45-45V125.609c0-24.813-20.187-45-45-45zm-5.873 30-6.006 5.001-181.267 150.941c-10.346 8.614-25.364 8.614-35.708 0L56.879 115.61l-6.006-5.001h410.254zM30 132.267 177.692 255.25 30 353.543V132.267zm437 269.124H45c-7.248 0-13.31-5.168-14.699-12.011l171.445-114.101 17.204 14.326a57.79 57.79 0 0 0 37.051 13.407 57.793 57.793 0 0 0 37.051-13.407l17.204-14.326 171.444 114.1c-1.39 6.845-7.452 12.012-14.7 12.012zm15-47.848-147.692-98.292L482 132.267v221.276z\"><\/path><\/svg> <div class=\"icon-back\"><\/div><\/div><div class=\"et-icon-content\"><h4 class=\"et-icon-box-title\">info@ge24h.com<\/h4><\/div><\/div><\/div><span class=\"et-gap et-clearfix et-gap-638407\"><\/span>[vc_single_image image=\u00a0\u00bb2699&Prime; img_size=\u00a0\u00bb150&#215;150&Prime; alignment=\u00a0\u00bbcenter\u00a0\u00bb css=\u00a0\u00bb.vc_custom_1746802031172{padding-top: 48px !important;}\u00a0\u00bb][\/vc_column][\/vc_row][vc_row][vc_column]<span class=\"et-gap et-clearfix et-gap-993254\"><\/span>[\/vc_column][\/vc_row]<\/p>\n<\/div>","protected":false},"excerpt":{"rendered":"<p>[vc_row equal_height=\u00a0\u00bbyes\u00a0\u00bb element_id=\u00a0\u00bb715550&Prime;][vc_column animation_delay=\u00a0\u00bb0&Prime; element_id=\u00a0\u00bb850426&Prime; css=\u00a0\u00bb.vc_custom_1644419839207{margin-top: 24px !important;padding-top: 32px !important;padding-right: 40px !important;padding-bottom: 0px !important;padding-left: 40px !important;background-color: #f4f5f8 !important;border-radius: 10px !important;}\u00a0\u00bb crp=\u00a0\u00bb374:8:8,375-767:8:8,768-1023:i:i,1024-1279:i:i,1280-1599:i:i,1600-1919:i:i\u00a0\u00bb el_class=\u00a0\u00bbform-white\u00a0\u00bb offset=\u00a0\u00bbvc_col-lg-8 vc_col-md-6 vc_col-xs-12&Prime;][vc_row_inner content_placement=\u00a0\u00bbbottom\u00a0\u00bb element_id=\u00a0\u00bb231324&Prime;][vc_column_inner offset=\u00a0\u00bbvc_col-lg-8 vc_col-md-12 vc_col-xs-12&Prime;][\/vc_column_inner][vc_column_inner el_class=\u00a0\u00bbtext-align-right text768-1023-align-left text767-align-left\u00a0\u00bb offset=\u00a0\u00bbvc_col-lg-4 vc_col-md-12 vc_hidden-md vc_col-xs-12&Prime;][\/vc_column_inner][\/vc_row_inner][\/vc_column][vc_column animation_delay=\u00a0\u00bb0&Prime; element_id=\u00a0\u00bb304774&Prime; css=\u00a0\u00bb.vc_custom_1644420372482{margin-top: 24px !important;border-top-width: 1px !important;border-right-width: 1px !important;border-bottom-width: 1px !important;border-left-width: 1px !important;padding-top: 32px !important;padding-right: 40px !important;padding-bottom: 40px [&hellip;]<\/p>\n","protected":false},"author":1,"featured_media":0,"parent":0,"menu_order":0,"comment_status":"closed","ping_status":"closed","template":"page-vc.php","meta":{"footnotes":""},"class_list":["post-5205","page","type-page","status-publish","hentry"],"yoast_head":"<!-- This site is optimized with the Yoast SEO plugin v25.6 - https:\/\/yoast.com\/wordpress\/plugins\/seo\/ -->\n<title>Contact - GE24H - Un service personnalis\u00e9 et un soutien discret<\/title>\n<meta name=\"description\" content=\"Contact Ge24h - Vous avez des questions sur nos m\u00e9dicaments g\u00e9n\u00e9riques ? Ecrivez-nous et recevez une assistance rapide et professionnelle.\" \/>\n<meta name=\"robots\" content=\"index, follow, max-snippet:-1, max-image-preview:large, max-video-preview:-1\" \/>\n<link rel=\"canonical\" href=\"https:\/\/ge24h.com\/fr\/contact\/\" \/>\n<meta property=\"og:locale\" content=\"fr_FR\" \/>\n<meta property=\"og:type\" content=\"article\" \/>\n<meta property=\"og:title\" content=\"Contact - GE24H - Un service personnalis\u00e9 et un soutien discret\" \/>\n<meta property=\"og:description\" content=\"Contact Ge24h - Vous avez des questions sur nos m\u00e9dicaments g\u00e9n\u00e9riques ? Ecrivez-nous et recevez une assistance rapide et professionnelle.\" \/>\n<meta property=\"og:url\" content=\"https:\/\/ge24h.com\/fr\/contact\/\" \/>\n<meta property=\"og:site_name\" content=\"Ge24h\" \/>\n<meta property=\"article:modified_time\" content=\"2025-07-28T14:50:46+00:00\" \/>\n<meta name=\"twitter:card\" content=\"summary_large_image\" \/>\n<meta name=\"twitter:label1\" content=\"Dur\u00e9e de lecture estim\u00e9e\" \/>\n\t<meta name=\"twitter:data1\" content=\"2 minutes\" \/>\n<script type=\"application\/ld+json\" class=\"yoast-schema-graph\">{\"@context\":\"https:\/\/schema.org\",\"@graph\":[{\"@type\":\"WebPage\",\"@id\":\"https:\/\/ge24h.com\/fr\/contact\/\",\"url\":\"https:\/\/ge24h.com\/fr\/contact\/\",\"name\":\"Contact - GE24H - Un service personnalis\u00e9 et un soutien discret\",\"isPartOf\":{\"@id\":\"https:\/\/ge24h.com\/#website\"},\"datePublished\":\"2021-12-21T11:21:58+00:00\",\"dateModified\":\"2025-07-28T14:50:46+00:00\",\"description\":\"Contact Ge24h - Vous avez des questions sur nos m\u00e9dicaments g\u00e9n\u00e9riques ? Ecrivez-nous et recevez une assistance rapide et professionnelle.\",\"breadcrumb\":{\"@id\":\"https:\/\/ge24h.com\/fr\/contact\/#breadcrumb\"},\"inLanguage\":\"fr-FR\",\"potentialAction\":[{\"@type\":\"ReadAction\",\"target\":[\"https:\/\/ge24h.com\/fr\/contact\/\"]}]},{\"@type\":\"BreadcrumbList\",\"@id\":\"https:\/\/ge24h.com\/fr\/contact\/#breadcrumb\",\"itemListElement\":[{\"@type\":\"ListItem\",\"position\":1,\"name\":\"Portada\",\"item\":\"https:\/\/ge24h.com\/fr\/\"},{\"@type\":\"ListItem\",\"position\":2,\"name\":\"Contact\"}]},{\"@type\":\"WebSite\",\"@id\":\"https:\/\/ge24h.com\/#website\",\"url\":\"https:\/\/ge24h.com\/\",\"name\":\"Ge24h\",\"description\":\"Medicamentos Gen\u00e9ricos, Finpecia, Kamagra, Sidenafil, Tadalafil\",\"publisher\":{\"@id\":\"https:\/\/ge24h.com\/#organization\"},\"potentialAction\":[{\"@type\":\"SearchAction\",\"target\":{\"@type\":\"EntryPoint\",\"urlTemplate\":\"https:\/\/ge24h.com\/?s={search_term_string}\"},\"query-input\":{\"@type\":\"PropertyValueSpecification\",\"valueRequired\":true,\"valueName\":\"search_term_string\"}}],\"inLanguage\":\"fr-FR\"},{\"@type\":\"Organization\",\"@id\":\"https:\/\/ge24h.com\/#organization\",\"name\":\"Ge24h\",\"url\":\"https:\/\/ge24h.com\/\",\"logo\":{\"@type\":\"ImageObject\",\"inLanguage\":\"fr-FR\",\"@id\":\"https:\/\/ge24h.com\/#\/schema\/logo\/image\/\",\"url\":\"https:\/\/ge24h.com\/wp-content\/uploads\/logo-1.svg\",\"contentUrl\":\"https:\/\/ge24h.com\/wp-content\/uploads\/logo-1.svg\",\"width\":200,\"height\":58,\"caption\":\"Ge24h\"},\"image\":{\"@id\":\"https:\/\/ge24h.com\/#\/schema\/logo\/image\/\"}}]}<\/script>\n<!-- \/ Yoast SEO plugin. -->","yoast_head_json":{"title":"Contact - GE24H - Un service personnalis\u00e9 et un soutien discret","description":"Contact Ge24h - Vous avez des questions sur nos m\u00e9dicaments g\u00e9n\u00e9riques ? Ecrivez-nous et recevez une assistance rapide et professionnelle.","robots":{"index":"index","follow":"follow","max-snippet":"max-snippet:-1","max-image-preview":"max-image-preview:large","max-video-preview":"max-video-preview:-1"},"canonical":"https:\/\/ge24h.com\/fr\/contact\/","og_locale":"fr_FR","og_type":"article","og_title":"Contact - GE24H - Un service personnalis\u00e9 et un soutien discret","og_description":"Contact Ge24h - Vous avez des questions sur nos m\u00e9dicaments g\u00e9n\u00e9riques ? Ecrivez-nous et recevez une assistance rapide et professionnelle.","og_url":"https:\/\/ge24h.com\/fr\/contact\/","og_site_name":"Ge24h","article_modified_time":"2025-07-28T14:50:46+00:00","twitter_card":"summary_large_image","twitter_misc":{"Dur\u00e9e de lecture estim\u00e9e":"2 minutes"},"schema":{"@context":"https:\/\/schema.org","@graph":[{"@type":"WebPage","@id":"https:\/\/ge24h.com\/fr\/contact\/","url":"https:\/\/ge24h.com\/fr\/contact\/","name":"Contact - GE24H - Un service personnalis\u00e9 et un soutien discret","isPartOf":{"@id":"https:\/\/ge24h.com\/#website"},"datePublished":"2021-12-21T11:21:58+00:00","dateModified":"2025-07-28T14:50:46+00:00","description":"Contact Ge24h - Vous avez des questions sur nos m\u00e9dicaments g\u00e9n\u00e9riques ? Ecrivez-nous et recevez une assistance rapide et professionnelle.","breadcrumb":{"@id":"https:\/\/ge24h.com\/fr\/contact\/#breadcrumb"},"inLanguage":"fr-FR","potentialAction":[{"@type":"ReadAction","target":["https:\/\/ge24h.com\/fr\/contact\/"]}]},{"@type":"BreadcrumbList","@id":"https:\/\/ge24h.com\/fr\/contact\/#breadcrumb","itemListElement":[{"@type":"ListItem","position":1,"name":"Portada","item":"https:\/\/ge24h.com\/fr\/"},{"@type":"ListItem","position":2,"name":"Contact"}]},{"@type":"WebSite","@id":"https:\/\/ge24h.com\/#website","url":"https:\/\/ge24h.com\/","name":"Ge24h","description":"Medicamentos Gen\u00e9ricos, Finpecia, Kamagra, Sidenafil, Tadalafil","publisher":{"@id":"https:\/\/ge24h.com\/#organization"},"potentialAction":[{"@type":"SearchAction","target":{"@type":"EntryPoint","urlTemplate":"https:\/\/ge24h.com\/?s={search_term_string}"},"query-input":{"@type":"PropertyValueSpecification","valueRequired":true,"valueName":"search_term_string"}}],"inLanguage":"fr-FR"},{"@type":"Organization","@id":"https:\/\/ge24h.com\/#organization","name":"Ge24h","url":"https:\/\/ge24h.com\/","logo":{"@type":"ImageObject","inLanguage":"fr-FR","@id":"https:\/\/ge24h.com\/#\/schema\/logo\/image\/","url":"https:\/\/ge24h.com\/wp-content\/uploads\/logo-1.svg","contentUrl":"https:\/\/ge24h.com\/wp-content\/uploads\/logo-1.svg","width":200,"height":58,"caption":"Ge24h"},"image":{"@id":"https:\/\/ge24h.com\/#\/schema\/logo\/image\/"}}]}},"_links":{"self":[{"href":"https:\/\/ge24h.com\/fr\/wp-json\/wp\/v2\/pages\/5205","targetHints":{"allow":["GET"]}}],"collection":[{"href":"https:\/\/ge24h.com\/fr\/wp-json\/wp\/v2\/pages"}],"about":[{"href":"https:\/\/ge24h.com\/fr\/wp-json\/wp\/v2\/types\/page"}],"author":[{"embeddable":true,"href":"https:\/\/ge24h.com\/fr\/wp-json\/wp\/v2\/users\/1"}],"replies":[{"embeddable":true,"href":"https:\/\/ge24h.com\/fr\/wp-json\/wp\/v2\/comments?post=5205"}],"version-history":[{"count":2,"href":"https:\/\/ge24h.com\/fr\/wp-json\/wp\/v2\/pages\/5205\/revisions"}],"predecessor-version":[{"id":6246,"href":"https:\/\/ge24h.com\/fr\/wp-json\/wp\/v2\/pages\/5205\/revisions\/6246"}],"wp:attachment":[{"href":"https:\/\/ge24h.com\/fr\/wp-json\/wp\/v2\/media?parent=5205"}],"curies":[{"name":"wp","href":"https:\/\/api.w.org\/{rel}","templated":true}]}}